{"id":1728,"date":"2022-11-30T11:47:12","date_gmt":"2022-11-30T08:47:12","guid":{"rendered":"https:\/\/drmugrabiclinic.com\/patientengeschichten\/"},"modified":"2023-02-10T16:01:17","modified_gmt":"2023-02-10T13:01:17","slug":"patientengeschichten","status":"publish","type":"page","link":"https:\/\/drmugrabiclinic.com\/de\/patientengeschichten\/","title":{"rendered":"Patientengeschichten"},"content":{"rendered":"<div class=\"slider-wrapper relative hide-for-small\" id=\"slider-1774118815\" >\n    <div class=\"slider slider-nav-simple slider-nav-large slider-nav-light slider-style-normal slider-show-nav\"\n        data-flickity-options='{\n            \"cellAlign\": \"center\",\n            \"imagesLoaded\": true,\n            \"lazyLoad\": 1,\n            \"freeScroll\": false,\n            \"wrapAround\": true,\n            \"autoPlay\": 6000,\n            \"pauseAutoPlayOnHover\" : true,\n            \"prevNextButtons\": true,\n            \"contain\" : true,\n            \"adaptiveHeight\" : true,\n            \"dragThreshold\" : 10,\n            \"percentPosition\": true,\n            \"pageDots\": true,\n            \"rightToLeft\": false,\n            \"draggable\": true,\n            \"selectedAttraction\": 0.1,\n            \"parallax\" : 0,\n            \"friction\": 0.6        }'\n        >\n        \n\n  <div class=\"banner has-hover\" id=\"banner-336702504\">\n          <div class=\"banner-inner fill\">\n        <div class=\"banner-bg fill\" >\n            <img loading=\"lazy\" decoding=\"async\" width=\"1920\" height=\"701\" src=\"https:\/\/drmugrabiclinic.com\/wp-content\/uploads\/2022\/12\/selda-storie-banner12.png\" class=\"bg attachment-original size-original\" alt=\"\" title=\"\">                                    \n                    <\/div>\n\t\t\n        <div class=\"banner-layers container\">\n            <div class=\"fill banner-link\"><\/div>            \n   <div id=\"text-box-519083971\" class=\"text-box banner-layer x5 md-x0 lg-x0 y90 md-y50 lg-y50 res-text\">\n                                <div class=\"text-box-content text dark\">\n              \n              <div class=\"text-inner text-left\">\n                  \n\t<div id=\"text-1546181017\" class=\"text\">\n\t\t\n<p><span style=\"font-size: 120%;\">&#8222;In meinem sozialen Leben hatte ich fast keine Chance, offene Schuhe oder Hausschuhe zu w\u00e4hlen, die ich mochte, weil sie so h\u00e4sslich aussehen. Ich habe so oft wie m\u00f6glich enge Turnschuhe mit breiten Zehen gew\u00e4hlt. Das hat mich wirklich sehr ungl\u00fccklich gemacht.\u2018\u2018<\/span><\/p>\n\t\t\n<style>\n#text-1546181017 {\n  text-align: left;\n}\n<\/style>\n\t<\/div>\n\t\n              <\/div>\n           <\/div>\n                            \n<style>\n#text-box-519083971 {\n  width: 62%;\n}\n#text-box-519083971 .text-box-content {\n  font-size: 100%;\n}\n@media (min-width:550px) {\n  #text-box-519083971 {\n    width: 40%;\n  }\n}\n<\/style>\n    <\/div>\n \n        <\/div>\n      <\/div>\n\n            \n<style>\n#banner-336702504 {\n  padding-top: 300px;\n}\n#banner-336702504 .banner-bg img {\n  object-position: 47% 0%;\n}\n@media (min-width:550px) {\n  #banner-336702504 {\n    padding-top: 500px;\n  }\n}\n<\/style>\n  <\/div>\n\n\n     <\/div>\n\n     <div class=\"loading-spin dark large centered\"><\/div>\n\n\t<\/div>\n\n\n<div class=\"slider-wrapper relative show-for-small\" id=\"slider-848054845\" >\n    <div class=\"slider slider-nav-simple slider-nav-large slider-nav-light slider-style-normal slider-show-nav\"\n        data-flickity-options='{\n            \"cellAlign\": \"center\",\n            \"imagesLoaded\": true,\n            \"lazyLoad\": 1,\n            \"freeScroll\": false,\n            \"wrapAround\": true,\n            \"autoPlay\": 6000,\n            \"pauseAutoPlayOnHover\" : true,\n            \"prevNextButtons\": true,\n            \"contain\" : true,\n            \"adaptiveHeight\" : true,\n            \"dragThreshold\" : 10,\n            \"percentPosition\": true,\n            \"pageDots\": true,\n            \"rightToLeft\": false,\n            \"draggable\": true,\n            \"selectedAttraction\": 0.1,\n            \"parallax\" : 0,\n            \"friction\": 0.6        }'\n        >\n        \n\n  <div class=\"banner has-hover\" id=\"banner-234744685\">\n          <div class=\"banner-inner fill\">\n        <div class=\"banner-bg fill\" >\n            <img loading=\"lazy\" decoding=\"async\" width=\"450\" height=\"300\" src=\"https:\/\/drmugrabiclinic.com\/wp-content\/uploads\/2022\/12\/Patient-stories-selda-banner1-mobile2.png\" class=\"bg attachment-original size-original\" alt=\"\" title=\"\">                                    \n                    <\/div>\n\t\t\n        <div class=\"banner-layers container\">\n            <div class=\"fill banner-link\"><\/div>            \n   <div id=\"text-box-140461746\" class=\"text-box banner-layer x5 md-x0 lg-x0 y50 md-y50 lg-y50 res-text\">\n                                <div class=\"text-box-content text dark\">\n              \n              <div class=\"text-inner text-left\">\n                  \n\t<div id=\"text-489827145\" class=\"text\">\n\t\t\n<p><span style=\"font-size: 120%;\">&#8222;In meinem sozialen Leben hatte ich fast keine Chance, offene Schuhe oder Hausschuhe zu w\u00e4hlen, die ich mochte, weil sie so h\u00e4sslich aussehen. Ich habe so oft wie m\u00f6glich enge Turnschuhe mit breiten Zehen gew\u00e4hlt. Das hat mich wirklich sehr ungl\u00fccklich gemacht.\u2018\u2018<\/span><\/p>\n\t\t\n<style>\n#text-489827145 {\n  text-align: left;\n}\n<\/style>\n\t<\/div>\n\t\n<a href=\"\/de\/#selda\" class=\"button secondary box-shadow-1\" style=\"border-radius:10px;\">\n\t\t<span>Sehen Sie sich Seldas Geschichte an<\/span>\n\t<i class=\"icon-angle-right\" aria-hidden=\"true\"><\/i><\/a>\n\n              <\/div>\n           <\/div>\n                            \n<style>\n#text-box-140461746 {\n  width: 62%;\n}\n#text-box-140461746 .text-box-content {\n  font-size: 100%;\n}\n@media (min-width:550px) {\n  #text-box-140461746 {\n    width: 40%;\n  }\n}\n<\/style>\n    <\/div>\n \n        <\/div>\n      <\/div>\n\n            \n<style>\n#banner-234744685 {\n  padding-top: 300px;\n}\n#banner-234744685 .banner-bg img {\n  object-position: 66% 0%;\n}\n@media (min-width:550px) {\n  #banner-234744685 {\n    padding-top: 500px;\n  }\n}\n<\/style>\n  <\/div>\n\n\n     <\/div>\n\n     <div class=\"loading-spin dark large centered\"><\/div>\n\n\t<\/div>\n\n\n\t<div id=\"gap-1699238160\" class=\"gap-element clearfix\" style=\"display:block; height:auto;\">\n\t\t\n<style>\n#gap-1699238160 {\n  padding-top: 50px;\n}\n<\/style>\n\t<\/div>\n\t\n<div class=\"row\"  id=\"row-137598494\">\n\n\t<div id=\"col-932361932\" class=\"col small-12 large-12\"  >\n\t\t\t\t<div class=\"col-inner\"  >\n\t\t\t\n\t\t\t\n\t<div id=\"text-38452932\" class=\"text\">\n\t\t\n<h1 style=\"text-align: left;\"><span style=\"font-size: 95%;\">Patientengeschichten<\/span><\/h1>\n<p><span style=\"font-size: 100%;\">Patienten der Klinik Dr. Mugrabi berichten \u00fcber ihre Erfahrungen vor und nach einer Ballenoperation. <\/span><\/p>\n\t\t\n<style>\n#text-38452932 {\n  text-align: left;\n}\n<\/style>\n\t<\/div>\n\t\n<div class=\"row align-equal align-center\"  id=\"row-2079209005\">\n\n\t<div id=\"col-171479038\" class=\"col medium-10 small-12 large-10\"  >\n\t\t\t\t<div class=\"col-inner\"  >\n\t\t\t\n\t\t\t\n\t<div id=\"text-3711591892\" class=\"text\">\n\t\t\n<h2 style=\"text-align: center;\"><span style=\"font-size: 80%;\">Ballenballenchirurgie (Hallux valgus) | Frau Ajda<\/span><\/h2>\n\t\t\n<style>\n#text-3711591892 {\n  text-align: center;\n}\n<\/style>\n\t<\/div>\n\t\n\t\t<\/div>\n\t\t\t\t\n<style>\n#col-171479038 > .col-inner {\n  margin: 0px 0px -10px 0px;\n}\n<\/style>\n\t<\/div>\n\n\t\n\n\t<div id=\"col-939555393\" class=\"col medium-8 small-12 large-8\"  >\n\t\t\t\t<div class=\"col-inner\"  >\n\t\t\t\n\t\t\t\n<div class=\"video video-fit mb asf_video box-shadow-2\" style=\"padding-top:56%;\"><p><iframe loading=\"lazy\" title=\"HALLUX VALGUS - &quot;I&#039;m so happy !!!&quot; Op. Dr. Selim Mu\u011frabi\" width=\"1020\" height=\"574\" src=\"https:\/\/www.youtube.com\/embed\/5AlilDlNaJc?feature=oembed\" frameborder=\"0\" allow=\"accelerometer; autoplay; clipboard-write; encrypted-media; gyroscope; picture-in-picture; web-share\" allowfullscreen><\/iframe><\/p>\n<\/div>\n<p class=\"p1\" style=\"text-align: justify;\">Ich habe in beiden F\u00fc\u00dfen Hallux-Klappen, aber ich hatte keine Probleme oder Schmerzen damit, bis dieses Ding namens Morton Neuroma auftauchte. Ich sch\u00e4tze, weil ich Spreizf\u00fc\u00dfe habe, warf immer Kompression.<\/p>\n<p class=\"p1\" style=\"text-align: justify;\">Die Situation ist in der Tat sehr beunruhigend. Es ist in Ordnung, wenn ich keinen Schuh an meinem Fu\u00df habe, aber ich k\u00f6nnte nicht wirklich 5000-6000 Schritte machen, wenn ich meine Schuhe anziehe. Ich wollte es loswerden, bevor es zu sp\u00e4t ist.<\/p>\n<p>Nach der Operation gef\u00e4llt sie mir sehr gut. Ich habe immer diese 1,5 Nummern zu gro\u00dfen Schuhe getragen, damit die Teile in die Schuhe passen. Meine F\u00fc\u00dfe sahen immer gro\u00df aus, jetzt sah ich sie an und stellte fest, dass meine F\u00fc\u00dfe eigentlich gar nicht so gro\u00df waren.<\/p>\n\t\t<\/div>\n\t\t\t\t\t<\/div>\n\n\t\n<\/div>\n\t\t<\/div>\n\t\t\t\t\t<\/div>\n\n\t\n<\/div>\n<span class=\"scroll-to\" data-label=\"Scroll to: #selda\" data-bullet=\"false\" data-link=\"#selda\" data-title=\"Selda\"><a name=\"selda\"><\/a><\/span>\n\n\t<section class=\"section\" id=\"section_169783714\">\n\t\t<div class=\"section-bg fill\" >\n\t\t\t\t\t\t\t\t\t\n\t\t\t\n\n\t\t<\/div>\n\n\t\t\n\n\t\t<div class=\"section-content relative\">\n\t\t\t\n<div class=\"row align-equal align-center\"  id=\"row-668695311\">\n\n\t<div id=\"col-1890993321\" class=\"col medium-10 small-12 large-10\"  >\n\t\t\t\t<div class=\"col-inner\"  >\n\t\t\t\n\t\t\t\n\t<div id=\"text-3845694726\" class=\"text\">\n\t\t\n<h2 style=\"text-align: center;\"><span style=\"font-size: 80%;\">Ballenballenchirurgie (Hallux Valgus) | Selda Albayrak<\/span><\/h2>\n\t\t\n<style>\n#text-3845694726 {\n  text-align: center;\n}\n<\/style>\n\t<\/div>\n\t\n\t\t<\/div>\n\t\t\t\t\n<style>\n#col-1890993321 > .col-inner {\n  margin: 0px 0px -10px 0px;\n}\n<\/style>\n\t<\/div>\n\n\t\n\n\t<div id=\"col-1370759081\" class=\"col medium-8 small-12 large-8\"  >\n\t\t\t\t<div class=\"col-inner\"  >\n\t\t\t\n\t\t\t\n<div class=\"video video-fit mb asf_video box-shadow-2\" style=\"padding-top:56%;\"><p><iframe loading=\"lazy\" title=\"ALL STEPS of MY HALLUKS VALGUS !!! #halluxvalgus Dr.Mugrabi Clinic\" width=\"1020\" height=\"574\" src=\"https:\/\/www.youtube.com\/embed\/1O3dTAK-qEg?feature=oembed\" frameborder=\"0\" allow=\"accelerometer; autoplay; clipboard-write; encrypted-media; gyroscope; picture-in-picture; web-share\" allowfullscreen><\/iframe><\/p>\n<\/div>\n<p style=\"text-align: justify;\">Ich wurde 2019 am Hallux Valgus und am Hammerzeh operiert. Etwa 10 Jahre vor der Operation hatte ich Schwierigkeiten beim Gehen und war in der Bewegung eingeschr\u00e4nkt.<\/p>\n<p style=\"text-align: justify;\">Obwohl ich orthop\u00e4dische Schuhe mit weichen Sohlen bevorzuge, die meine F\u00fc\u00dfe m\u00f6glichst nicht einschn\u00fcren, nahmen diese Beschwerden zu.<\/p>\n<p style=\"text-align: justify;\">In meinem sozialen Leben hatte ich fast keine Chance, offene Schuhe oder Hausschuhe zu w\u00e4hlen, die ich mochte, weil sie so h\u00e4sslich aussehen. Ich habe so oft wie m\u00f6glich enge Turnschuhe mit breiten Zehen gew\u00e4hlt. Damit war ich eigentlich sehr ungl\u00fccklich.<\/p>\n<p style=\"text-align: justify;\">Bei dieser Art von Operationen handelt es sich um schwierige und gr\u00f6\u00dfere Operationen. Ich denke, es ist sehr wichtig, eine vertrauensw\u00fcrdige und richtige Person zu finden. In diesem Sinne haben mir Herr Selim und seine Assistentin Frau Bahar wirklich Vertrauen in dieser Angelegenheit gegeben.<\/p>\n<p style=\"text-align: justify;\">Das Projekt war sehr gut geplant und verlief reibungslos. Herr Selim und Frau Bahar erkl\u00e4rten mir Schritt f\u00fcr Schritt, was mich erwarten w\u00fcrde.<\/p>\n\t\t<\/div>\n\t\t\t\t\t<\/div>\n\n\t\n<\/div>\n\t\t<\/div>\n\n\t\t\n<style>\n#section_169783714 {\n  padding-top: 30px;\n  padding-bottom: 30px;\n  background-color: #f5f8fa;\n}\n<\/style>\n\t<\/section>\n\t\n\n\t<section class=\"section\" id=\"section_824228192\">\n\t\t<div class=\"section-bg fill\" >\n\t\t\t\t\t\t\t\t\t\n\t\t\t\n\n\t\t<\/div>\n\n\t\t\n\n\t\t<div class=\"section-content relative\">\n\t\t\t\n<div class=\"row row-large align-middle align-center\"  id=\"row-1271119602\">\n\n\t<div id=\"col-297467848\" class=\"col medium-6 small-12 large-6\"  >\n\t\t\t\t<div class=\"col-inner text-center\"  >\n\t\t\t\n\t\t\t\n\t<div id=\"text-4189030177\" class=\"text\">\n\t\t\n<h3 style=\"text-align: center;\">L\u00f6sen Sie Ihre Fu\u00dfgesundheitsprobleme, indem Sie sich KOSTENLOS an unsere Experten wenden!<\/h3>\n\t\t\n<style>\n#text-4189030177 {\n  color: #013f61;\n}\n#text-4189030177 > * {\n  color: #013f61;\n}\n<\/style>\n\t<\/div>\n\t\n\t<div id=\"gap-1627809409\" class=\"gap-element clearfix\" style=\"display:block; height:auto;\">\n\t\t\n<style>\n#gap-1627809409 {\n  padding-top: 30px;\n}\n<\/style>\n\t<\/div>\n\t\n<div class=\"row\"  id=\"row-781363263\">\n\n\t<div id=\"col-7324084\" class=\"col medium-4 small-6 large-4\"  >\n\t\t\t\t<div class=\"col-inner\"  >\n\t\t\t\n\t\t\t\n\n\t\t<div class=\"icon-box featured-box icon-box-center text-center\"  >\n\t\t\t\t\t<div class=\"icon-box-img\" style=\"width: 60px\">\n\t\t\t\t<div class=\"icon\">\n\t\t\t\t\t<div class=\"icon-inner\" >\n\t\t\t\t\t\t<img loading=\"lazy\" decoding=\"async\" width=\"512\" height=\"512\" src=\"https:\/\/drmugrabiclinic.com\/wp-content\/uploads\/2022\/11\/300-ameliyat.png\" class=\"attachment-medium size-medium\" alt=\"\" srcset=\"https:\/\/drmugrabiclinic.com\/wp-content\/uploads\/2022\/11\/300-ameliyat.png 512w, https:\/\/drmugrabiclinic.com\/wp-content\/uploads\/2022\/11\/300-ameliyat-300x300.png 300w\" sizes=\"auto, (max-width: 512px) 100vw, 512px\" title=\"\">\t\t\t\t\t<\/div>\n\t\t\t\t<\/div>\n\t\t\t<\/div>\n\t\t\t\t<div class=\"icon-box-text last-reset\">\n\t\t\t\t\t\t\t\t\t\n\t<div id=\"text-931749126\" class=\"text\">\n\t\t\n<h3>300+ Operationen pro Jahr<\/h3>\n\t\t\n<style>\n#text-931749126 {\n  text-align: center;\n}\n<\/style>\n\t<\/div>\n\t\n\t\t<\/div>\n\t<\/div>\n\t\n\t\n\t\t<\/div>\n\t\t\t\t\t<\/div>\n\n\t\n\n\t<div id=\"col-2058412924\" class=\"col medium-4 small-6 large-4\"  >\n\t\t\t\t<div class=\"col-inner\"  >\n\t\t\t\n\t\t\t\n\n\t\t<div class=\"icon-box featured-box icon-box-center text-center\"  >\n\t\t\t\t\t<div class=\"icon-box-img\" style=\"width: 60px\">\n\t\t\t\t<div class=\"icon\">\n\t\t\t\t\t<div class=\"icon-inner\" >\n\t\t\t\t\t\t<img loading=\"lazy\" decoding=\"async\" width=\"512\" height=\"512\" src=\"https:\/\/drmugrabiclinic.com\/wp-content\/uploads\/2022\/11\/profesyonel-ekip.png\" class=\"attachment-medium size-medium\" alt=\"\" srcset=\"https:\/\/drmugrabiclinic.com\/wp-content\/uploads\/2022\/11\/profesyonel-ekip.png 512w, https:\/\/drmugrabiclinic.com\/wp-content\/uploads\/2022\/11\/profesyonel-ekip-300x300.png 300w\" sizes=\"auto, (max-width: 512px) 100vw, 512px\" title=\"\">\t\t\t\t\t<\/div>\n\t\t\t\t<\/div>\n\t\t\t<\/div>\n\t\t\t\t<div class=\"icon-box-text last-reset\">\n\t\t\t\t\t\t\t\t\t\n\t<div id=\"text-4153969982\" class=\"text\">\n\t\t\n<h3>Professionelles Team<\/h3>\n\t\t\n<style>\n#text-4153969982 {\n  text-align: center;\n}\n<\/style>\n\t<\/div>\n\t\n\t\t<\/div>\n\t<\/div>\n\t\n\t\n\t\t<\/div>\n\t\t\t\t\t<\/div>\n\n\t\n\n\t<div id=\"col-1070148475\" class=\"col medium-4 small-12 large-4\"  >\n\t\t\t\t<div class=\"col-inner\"  >\n\t\t\t\n\t\t\t\n\n\t\t<div class=\"icon-box featured-box icon-box-center text-center\"  >\n\t\t\t\t\t<div class=\"icon-box-img\" style=\"width: 60px\">\n\t\t\t\t<div class=\"icon\">\n\t\t\t\t\t<div class=\"icon-inner\" >\n\t\t\t\t\t\t<img loading=\"lazy\" decoding=\"async\" width=\"512\" height=\"512\" src=\"https:\/\/drmugrabiclinic.com\/wp-content\/uploads\/2022\/11\/30-yil-deneyim.png\" class=\"attachment-medium size-medium\" alt=\"\" srcset=\"https:\/\/drmugrabiclinic.com\/wp-content\/uploads\/2022\/11\/30-yil-deneyim.png 512w, https:\/\/drmugrabiclinic.com\/wp-content\/uploads\/2022\/11\/30-yil-deneyim-300x300.png 300w\" sizes=\"auto, (max-width: 512px) 100vw, 512px\" title=\"\">\t\t\t\t\t<\/div>\n\t\t\t\t<\/div>\n\t\t\t<\/div>\n\t\t\t\t<div class=\"icon-box-text last-reset\">\n\t\t\t\t\t\t\t\t\t\n\t<div id=\"text-2743414228\" class=\"text\">\n\t\t\n<h3>30+ Jahre Erfahrung<\/h3>\n\t\t\n<style>\n#text-2743414228 {\n  text-align: center;\n}\n<\/style>\n\t<\/div>\n\t\n\t\t<\/div>\n\t<\/div>\n\t\n\t\n\t\t<\/div>\n\t\t\t\t\t<\/div>\n\n\t\n<\/div>\n\t<div id=\"gap-2105598874\" class=\"gap-element clearfix\" style=\"display:block; height:auto;\">\n\t\t\n<style>\n#gap-2105598874 {\n  padding-top: 15px;\n}\n<\/style>\n\t<\/div>\n\t\n<a href=\"https:\/\/drmugrabiclinic.com\/de\/kontakt\/\" class=\"button primary is-outline lowercase expand\" style=\"border-radius:99px;\">\n\t\t<span>Kontaktiere Uns<\/span>\n\t<\/a>\n\n\t\t<\/div>\n\t\t\t\t\n<style>\n#col-297467848 > .col-inner {\n  margin: 0px 0px 0px 0px;\n}\n@media (min-width:550px) {\n  #col-297467848 > .col-inner {\n    margin: 0px 0px 0px -10px;\n  }\n}\n<\/style>\n\t<\/div>\n\n\t\n\n\t<div id=\"col-1961537574\" class=\"col medium-5 small-12 large-5\"  >\n\t\t\t\t<div class=\"col-inner box-shadow-1\" style=\"background-color:rgb(246, 251, 255);\" >\n\t\t\t\n\t\t\t\n<div id=\"quform-865411\" class=\"quform quform-5 quform-support-page-caching\"><form id=\"quform-form-865411\" class=\"quform-form quform-form-5\" action=\"\/de\/wp-json\/wp\/v2\/pages\/1728#quform-865411\" method=\"post\" enctype=\"multipart\/form-data\" novalidate=\"novalidate\" data-options=\"{&quot;id&quot;:5,&quot;uniqueId&quot;:&quot;865411&quot;,&quot;theme&quot;:&quot;&quot;,&quot;ajax&quot;:true,&quot;logic&quot;:{&quot;logic&quot;:[],&quot;dependents&quot;:[],&quot;elementIds&quot;:[],&quot;dependentElementIds&quot;:[],&quot;animate&quot;:true},&quot;currentPageId&quot;:1,&quot;errorsIcon&quot;:&quot;&quot;,&quot;updateFancybox&quot;:true,&quot;hasPages&quot;:false,&quot;pages&quot;:[1],&quot;pageProgressType&quot;:&quot;tabs&quot;,&quot;tooltipsEnabled&quot;:true,&quot;tooltipClasses&quot;:&quot;qtip-quform-dark qtip-shadow&quot;,&quot;tooltipMy&quot;:&quot;left center&quot;,&quot;tooltipAt&quot;:&quot;right center&quot;,&quot;isRtl&quot;:false,&quot;scrollOffset&quot;:-50,&quot;scrollSpeed&quot;:800}\"><button class=\"quform-default-submit\" name=\"quform_submit\" type=\"submit\" value=\"submit\" aria-hidden=\"true\" tabindex=\"-1\"><\/button><div class=\"quform-form-inner quform-form-inner-5\"><input type=\"hidden\" name=\"quform_form_id\" value=\"5\" \/><input type=\"hidden\" name=\"quform_form_uid\" value=\"865411\" \/><input type=\"hidden\" name=\"quform_count\" value=\"1\" \/><input type=\"hidden\" name=\"form_url\" value=\"https:\/\/drmugrabiclinic.com\/de\/wp-json\/wp\/v2\/pages\/1728\" \/><input type=\"hidden\" name=\"referring_url\" value=\"\" \/><input type=\"hidden\" name=\"post_id\" value=\"\" \/><input type=\"hidden\" name=\"post_title\" value=\"\" \/><input type=\"hidden\" name=\"quform_current_page_id\" value=\"1\" \/><input type=\"hidden\" name=\"quform_loaded\" value=\"1778684247|306bbb210c8e38d22ed752b603e88b1c\" \/><input type=\"hidden\" name=\"quform_csrf_token\" value=\"Izcq44HBaWnKxPMGkuyXNIR0Pot1DXSIf0jpErCG\" \/><div class=\"quform-elements quform-elements-5 quform-cf quform-responsive-elements-phone-landscape\"><div class=\"quform-element quform-element-page quform-page-1 quform-page-5_1 quform-cf quform-group-style-plain quform-first-page quform-last-page quform-current-page\"><div class=\"quform-child-elements\"><div class=\"quform-element quform-element-textarea quform-element-5_250409 quform-sr-only quform-cf\" style=\"clip: rect(1px, 1px, 1px, 1px); clip-path: inset(50%); position: absolute !important; height: 1px; width: 1px; overflow: hidden;\"><div class=\"quform-spacer\"><div class=\"quform-label quform-label-5_250409\"><label class=\"quform-label-text\" for=\"quform_5_250409_865411\">Your Website<span class=\"quform-required\">*<\/span><\/label><\/div><div class=\"quform-inner quform-inner-5_250409\"><textarea id=\"quform_5_250409_865411\" name=\"quform_5_250409\" class=\"quform-field quform-field-textarea quform-field-5_250409\" tabindex=\"-1\" autocomplete=\"new-password\"><\/textarea><\/div><\/div><\/div><div class=\"quform-element quform-element-text quform-element-5_5 quform-cf quform-element-optional\"><div class=\"quform-spacer\"><div class=\"quform-label quform-label-5_5\"><label class=\"quform-label-text\" for=\"quform_5_5_865411\">Name<\/label><\/div><div class=\"quform-inner quform-inner-text quform-inner-5_5\"><div class=\"quform-input quform-input-text quform-input-5_5 quform-cf quform-has-field-icon-left\"><input type=\"text\" id=\"quform_5_5_865411\" name=\"quform_5_5\" class=\"quform-field quform-field-text quform-field-5_5 asf-form-icon\" \/><span class=\"quform-field-icon quform-field-icon-left\"><i class=\"fa fa-user\"><\/i><\/span><\/div><\/div><\/div><\/div><div class=\"quform-element quform-element-email quform-element-5_16 quform-cf quform-element-optional\"><div class=\"quform-spacer\"><div class=\"quform-label quform-label-5_16\"><label class=\"quform-label-text\" for=\"quform_5_16_865411\">E - Mail<\/label><\/div><div class=\"quform-inner quform-inner-email quform-inner-5_16\"><div class=\"quform-input quform-input-email quform-input-5_16 quform-cf quform-has-field-icon-left\"><input type=\"email\" id=\"quform_5_16_865411\" name=\"quform_5_16\" class=\"quform-field quform-field-email quform-field-5_16\" \/><span class=\"quform-field-icon quform-field-icon-left\"><i class=\"fa fa-envelope\"><\/i><\/span><\/div><\/div><\/div><\/div><div class=\"quform-element quform-element-text quform-element-5_15 quform-cf quform-element-required\"><div class=\"quform-spacer\"><div class=\"quform-label quform-label-5_15\"><label class=\"quform-label-text\" for=\"quform_5_15_865411\">WhatsApp - Nummer<span class=\"quform-required\">*<\/span><\/label><\/div><div class=\"quform-inner quform-inner-text quform-inner-5_15\"><div class=\"quform-input quform-input-text quform-input-5_15 quform-cf quform-has-field-icon-left\"><input type=\"text\" id=\"quform_5_15_865411\" name=\"quform_5_15\" class=\"quform-field quform-field-text quform-field-5_15\" placeholder=\"Bitte geben Sie Ihre vollst\u00e4ndige internationale Nummer ein.\" \/><span class=\"quform-field-icon quform-field-icon-left\"><i class=\"fa fa-phone\"><\/i><\/span><\/div><\/div><\/div><\/div><div class=\"quform-element quform-element-submit quform-element-5_18 quform-cf quform-button-width-full\"><div class=\"quform-button-submit quform-button-submit-default quform-button-submit-5_18\"><button name=\"quform_submit\" type=\"submit\" class=\"quform-submit\" value=\"submit\"><span class=\"quform-button-text quform-button-submit-text\">Senden<\/span><\/button><\/div><div class=\"quform-loading quform-loading-position-left quform-loading-type-spinner-1\"><div class=\"quform-loading-inner\"><div class=\"quform-loading-spinner\"><div class=\"quform-loading-spinner-inner\"><\/div><\/div><\/div><\/div><\/div><\/div><\/div><\/div><\/div><\/form><\/div>\n\t\t<\/div>\n\t\t\t\t\n<style>\n#col-1961537574 > .col-inner {\n  padding: 15px 20px 3px 20px;\n  margin: 0px 0px 0px 0px;\n  border-radius: 20px;\n}\n@media (min-width:550px) {\n  #col-1961537574 > .col-inner {\n    margin: 0px 0px 0px 10px;\n  }\n}\n<\/style>\n\t<\/div>\n\n\t\n<\/div>\n\t\t<\/div>\n\n\t\t\n<style>\n#section_824228192 {\n  padding-top: 50px;\n  padding-bottom: 50px;\n  background-color: #97d2d4;\n}\n<\/style>\n\t<\/section>\n\t\n","protected":false},"excerpt":{"rendered":"","protected":false},"author":1,"featured_media":0,"parent":0,"menu_order":0,"comment_status":"closed","ping_status":"closed","template":"page-blank.php","meta":{"footnotes":""},"class_list":["post-1728","page","type-page","status-publish","hentry"],"_links":{"self":[{"href":"https:\/\/drmugrabiclinic.com\/de\/wp-json\/wp\/v2\/pages\/1728","targetHints":{"allow":["GET"]}}],"collection":[{"href":"https:\/\/drmugrabiclinic.com\/de\/wp-json\/wp\/v2\/pages"}],"about":[{"href":"https:\/\/drmugrabiclinic.com\/de\/wp-json\/wp\/v2\/types\/page"}],"author":[{"embeddable":true,"href":"https:\/\/drmugrabiclinic.com\/de\/wp-json\/wp\/v2\/users\/1"}],"replies":[{"embeddable":true,"href":"https:\/\/drmugrabiclinic.com\/de\/wp-json\/wp\/v2\/comments?post=1728"}],"version-history":[{"count":0,"href":"https:\/\/drmugrabiclinic.com\/de\/wp-json\/wp\/v2\/pages\/1728\/revisions"}],"wp:attachment":[{"href":"https:\/\/drmugrabiclinic.com\/de\/wp-json\/wp\/v2\/media?parent=1728"}],"curies":[{"name":"wp","href":"https:\/\/api.w.org\/{rel}","templated":true}]}}