{"id":2747,"date":"2022-07-05T14:04:06","date_gmt":"2022-07-05T11:04:06","guid":{"rendered":"https:\/\/drmugrabiclinic.com\/politique-de-confidentialite\/"},"modified":"2023-02-14T17:24:08","modified_gmt":"2023-02-14T14:24:08","slug":"politique-de-confidentialite","status":"publish","type":"page","link":"https:\/\/drmugrabiclinic.com\/fr\/politique-de-confidentialite\/","title":{"rendered":"Politique de confidentialit\u00e9"},"content":{"rendered":"  <div id=\"page-header-895717404\" class=\"page-header-wrapper\">\n  <div class=\"page-title dark featured-title\">\n\n    \n    <div class=\"page-title-inner container align-center text-center flex-row-col medium-flex-wrap\" >\n              <div class=\"title-wrapper flex-col\">\n          <h1 class=\"entry-title mb-0\">\n            Politique de confidentialit\u00e9          <\/h1>\n        <\/div>\n                    <div class=\"title-content flex-col\">\n              <\/div>\n    <\/div>\n\n       <\/div>\n    <\/div>\n  \n\t<div id=\"gap-455787129\" class=\"gap-element clearfix\" style=\"display:block; height:auto;\">\n\t\t\n<style>\n#gap-455787129 {\n  padding-top: 30px;\n}\n<\/style>\n\t<\/div>\n\t\n<div class=\"row\"  id=\"row-1647194386\">\n\n\t<div id=\"col-2104584255\" class=\"col small-12 large-12\"  >\n\t\t\t\t<div class=\"col-inner\"  >\n\t\t\t\n\t\t\t\n<p>Cette politique de confidentialit\u00e9 explique comment la clinique DR. Mugrabi Clinic recueille, utilise et divulgue les informations concernant l&rsquo;acc\u00e8s et l&rsquo;utilisation de notre site web et de nos services. Cette politique de confidentialit\u00e9 ne s&rsquo;applique pas aux sites web, services ou apps de tiers auxquels vous pouvez acc\u00e9der par le biais de nos services.<\/p>\n<p>Comme la plupart des sites web, www.drmugrabiclinic.com recueille le type d&rsquo;informations non personnelles que les navigateurs et serveurs web mettent habituellement \u00e0 disposition, telles que le type de navigateur, la langue pr\u00e9f\u00e9r\u00e9e, le site de r\u00e9f\u00e9rence, ainsi que la date et l&rsquo;heure de la demande de chaque visiteur. DR. Mugrabi Clinic recueille des informations non personnelles afin de mieux comprendre comment ses visiteurs utilisent le site Web. LA CLINIQUE DR. Mugrabi Clinic recueille \u00e9galement des informations telles que les adresses de protocole Internet (IP). LA CLINIQUE DR. Mugrabi n&rsquo;utilise pas ces informations pour identifier ses visiteurs et ne les divulgue pas, sauf dans les conditions d\u00e9crites ci-dessous.<\/p>\n<p>Notre site web peut recueillir des informations sur la fa\u00e7on dont les utilisateurs finaux utilisent notre site web www.drmugrabiclinic.com et sur les performances de ce site. Par exemple, il peut fonctionner pour des outils qui vous offrent une navigation plus facile sur le site, comme les produits r\u00e9cemment visit\u00e9s.<\/p>\n<span class=\"scroll-to\" data-label=\"Scroll to: #cookie-policy\" data-bullet=\"false\" data-link=\"#cookie-policy\" data-title=\"Politique relative aux cookies\"><a name=\"cookie-policy\"><\/a><\/span>\n<p>Cookies:<\/p>\n<p>Nos services d&rsquo;am\u00e9lioration de l&rsquo;exp\u00e9rience recueillent des informations sur les visiteurs de notre site web www.drmugrabiclinic.com \u00e0 l&rsquo;aide de cookies. Un cookie est une cha\u00eene d&rsquo;informations qu&rsquo;un site web a stock\u00e9e sur l&rsquo;ordinateur d&rsquo;un visiteur et qui est fournie au site web par le navigateur du visiteur chaque fois que celui-ci revient. La plupart des navigateurs Internet acceptent automatiquement les cookies, mais en ajustant leurs options, en acceptant les instructions \u00e0 votre navigateur, vous pouvez ne plus accepter les cookies ou ne plus accepter les cookies du site web que vous visitez. Vous pouvez leur demander de demander avant d&rsquo;accepter un cookie de leur site.<\/p>\n<p>Toutes les informations recueillies en question sont collect\u00e9es pour le compte de la clinique DR. Mugrabi Clinic. A l&rsquo;exception des processus l\u00e9gaux, elles ne sont pas transf\u00e9r\u00e9es, vendues ou partag\u00e9es avec une institution ou une personne tierce.<\/p>\n<p>DR. Mugrabi Clinic se r\u00e9serve le droit de modifier la politique de confidentialit\u00e9 \u00e0 tout moment.<\/p>\n\t\t<\/div>\n\t\t\t\t\t<\/div>\n\n\t\n<\/div>\n","protected":false},"excerpt":{"rendered":"","protected":false},"author":1,"featured_media":0,"parent":0,"menu_order":0,"comment_status":"closed","ping_status":"closed","template":"page-blank.php","meta":{"footnotes":""},"class_list":["post-2747","page","type-page","status-publish","hentry"],"_links":{"self":[{"href":"https:\/\/drmugrabiclinic.com\/fr\/wp-json\/wp\/v2\/pages\/2747","targetHints":{"allow":["GET"]}}],"collection":[{"href":"https:\/\/drmugrabiclinic.com\/fr\/wp-json\/wp\/v2\/pages"}],"about":[{"href":"https:\/\/drmugrabiclinic.com\/fr\/wp-json\/wp\/v2\/types\/page"}],"author":[{"embeddable":true,"href":"https:\/\/drmugrabiclinic.com\/fr\/wp-json\/wp\/v2\/users\/1"}],"replies":[{"embeddable":true,"href":"https:\/\/drmugrabiclinic.com\/fr\/wp-json\/wp\/v2\/comments?post=2747"}],"version-history":[{"count":0,"href":"https:\/\/drmugrabiclinic.com\/fr\/wp-json\/wp\/v2\/pages\/2747\/revisions"}],"wp:attachment":[{"href":"https:\/\/drmugrabiclinic.com\/fr\/wp-json\/wp\/v2\/media?parent=2747"}],"curies":[{"name":"wp","href":"https:\/\/api.w.org\/{rel}","templated":true}]}}